{"id":1402,"date":"2021-10-12T09:41:46","date_gmt":"2021-10-12T08:41:46","guid":{"rendered":"https:\/\/colostrum.de\/datenschutzerklaerung"},"modified":"2022-05-13T19:56:03","modified_gmt":"2022-05-13T18:56:03","slug":"privacy-policy","status":"publish","type":"page","link":"https:\/\/colostrum.de\/en\/privacy-policy","title":{"rendered":"Datenschutzerkl\u00e4rung"},"content":{"rendered":"<h1>Datenschutzhinweis<\/h1>\n<p>&nbsp;<\/p>\n<p><strong>Erhebung, Verarbeitung und Nutzung personenbezogener Daten. <\/strong><br \/>\n<strong>Diese Datenschutzerkl\u00e4rung gilt f\u00fcr die Nutzung des Internetauftrittes von Dr. Marco Pr\u00fcmmer GmbH.<\/strong><\/p>\n<p>Die Website www.colostrum.de wird von der Dr. Marco Pr\u00fcmmer GmbH, Belven 110A Briefkasten A, 4730 Raeren, Belgien, betrieben (nachfolgend \u201eDr. Marco Pr\u00fcmmer GmbH\u201c oder \u201ewir\u201c).<\/p>\n<p>Die Dr. Marco Pr\u00fcmmer GmbH legt gro\u00dfen Wert auf den Schutz Ihrer personenbezogenen Daten und erhebt, verarbeitet und nutzt Ihre personenbezogenen Daten ausschlie\u00dflich in \u00dcbereinstimmung mit den nachfolgend beschriebenen Grunds\u00e4tzen und unter Beachtung der anwendbaren Datenschutzgesetze.<\/p>\n<h2>I. Ihre personenbezogenen Daten<\/h2>\n<p>Personenbezogene Daten sind alle Angaben, die sich auf eine bestimmte oder bestimmbare Person beziehen. Dazu geh\u00f6ren zum Beispiel Ihr Name, Ihre Telefonnummer oder Ihre Post- und E-Mail-Adresse.<\/p>\n<p>Erhebung, Verarbeitung und Nutzung personenbezogener Daten<\/p>\n<p>Die Dr. Marco Pr\u00fcmmer GmbH erhebt, verarbeitet oder nutzt Ihre personenbezogenen Daten ausschlie\u00dflich in nachfolgend beschriebenem Umfang.<\/p>\n<h2>II. Kontaktaufnahme<\/h2>\n<p>Sie k\u00f6nnen schriftlich \u00fcber die Adresse Belven 110A Briefkasten A, 4730 Raeren, Belgien direkt mit der Dr. Marco Pr\u00fcmmer GmbH in Verbindung treten. Die Dr. Marco Pr\u00fcmmer GmbH erhebt, verarbeitet und nutzt die von Ihnen mitgeteilten Informationen (Anrede, Vor- und Nachnamen und Inhalt Ihrer Nachricht) ausschlie\u00dflich f\u00fcr die Bearbeitung Ihres Anliegens.<\/p>\n<h2>III. Einsatz von Dienstleistern<\/h2>\n<p>F\u00fcr die Erbringung bestimmter Dienstleistungen (insbesondere zum Hosting und der Pflege der Website) setzen wir spezialisierte Dienstleister ein, die Ihre personenbezogenen Daten in unserem Auftrag und ausschlie\u00dflich gem\u00e4\u00df unseren Weisungen verarbeiten (Datenverarbeitung im Auftrag, \u00a7 11 BDSG).<\/p>\n<h2>IV. Cookies<\/h2>\n<p>Die Dr. Marco Pr\u00fcmmer GmbH setzt auf der Website sog. Cookies ein. Cookies sind kleine Textdateien, die im Zwischenspeicher Ihres Browsers abgelegt werden, um eine Wiedererkennung ihres Browsers zu erm\u00f6glichen und Ihren Besuch auf unserer Website noch attraktiver zu gestalten. Dabei verwenden wir sog. Sitzungs-Cookies und sog. persistente Cookies. Sitzungs-Cookies verlieren bei Verlassen der Website automatisch ihre G\u00fcltigkeit. Persistente Cookies verbleiben f\u00fcr einen l\u00e4ngeren Zeitraum auf Ihrem Endger\u00e4t und erm\u00f6glichen uns etwa den Inhalt Ihres Warenkorbes oder die L\u00e4ndereinstellungen zu speichern sowie die nachfolgend beschriebenen Tools zur Webanalyse- und individualisierten Zielgruppenansprache (Targeting) zu nutzen. Das eingesetzte Cookie erm\u00f6glicht uns auf Grundlage der von Ihnen auf unserer Website ausgew\u00e4hlten Produkte weitere passende Produktvorschl\u00e4ge im Rahmen des Bestellprozesses auf unserer Website anzuzeigen. Selbstverst\u00e4ndlich k\u00f6nnen Sie unsere Website auch besuchen, ohne dass auf Ihrem Browser Cookies gespeichert werden. Sie k\u00f6nnen die Speicherung von Cookies in den Einstellungen Ihres Browsers jederzeit einschr\u00e4nken oder deaktivieren, was aber zu Einschr\u00e4nkungen der Funktionen und der Benutzerfreundlichkeit unserer Website f\u00fchren kann.<\/p>\n<h2>V. Einwilligung in Ma\u00dfnahmen zur Missbrauchsverhinderung und \u2013erkennung<\/h2>\n<p>Ich willige darin ein, dass die 1) Nutzungsdaten meiner Besuche dieser Website (bspw. Angaben \u00fcber Beginn, Ende und Umfang der besuchten Webseiten sowie Klickpfade) zusammen mit 2) einem Cookie (d.h. einer kleinen Textdatei, die lokal im Zwischenspeicher des Webbrowsers gespeichert wird) und\/oder einer Besucher-ID, die jeweils anonyme Daten meiner beim Besuch der Webseiten benutzten Endger\u00e4te enthalten k\u00f6nnen (bspw. meine Bildschirmaufl\u00f6sung oder meine Betriebssystemversion) und \u00fcber die meine verwendeten Endger\u00e4te mit einer gewissen Wahrscheinlichkeit bei weiteren Besuchen wiedererkannt werden k\u00f6nnen, von dieser Website mit dem Zweck erhoben, verarbeitet und genutzt werden, automatisiert zu pr\u00fcfen, ob Anhaltspunkte f\u00fcr einen Missbrauch der Website bestehen. Ich versichere, dass ich diese Einwilligung bzgl. aller von mir beim Besuch dieser Website verwendeten Endger\u00e4te abgeben darf, und dass ich Dritte, denen ich meine dabei verwendeten Endger\u00e4te \u00fcberlasse, \u00fcber diese Einwilligung informiere und sicherstelle, dass diese ebenfalls mit den beschriebenen Ma\u00dfnahmen einverstanden sind bzw. andernfalls diese Website nicht mit meinen Endger\u00e4ten besuchen. Die Nutzungsdaten meiner Webseitenbesuche werden einer Datenbank entnommen, in der sie unter einem Pseudonym gespeichert sind. Details dazu k\u00f6nnen dem Kapitel \u201eWerbung, Marktforschung und bedarfsgerechten Gestaltung von Webseiten\u201c dieser Datenschutzerkl\u00e4rung entnommen werden. Besteht ein Missbrauchsverdacht, \u00fcberpr\u00fcft ein Mitarbeiter der Website die Bewertung und die zugrunde liegenden Anhaltspunkte. Wird ein Vertragsschluss abgelehnt, wird mir dies mitgeteilt und es werden mir, auf Verlangen, die wesentlichen Gr\u00fcnde der Entscheidung genannt. Ich erhalte dann Gelegenheit, meinen Standpunkt hier geltend zu machen, worauf die Entscheidung nochmals von einem Mitarbeiter \u00fcberpr\u00fcft wird. Diese Einwilligung kann ich jederzeit formlos mit Wirkung f\u00fcr die Zukunft gegen\u00fcber der Website widerrufen. Eine weitere Nutzung der Website kann dann nach Wahl der Website ggf. nicht mehr erfolgen.<\/p>\n<h2>VI. Werbung, Marktforschung und bedarfsgerechte Gestaltung von Webseiten<\/h2>\n<p>Auf dieser Webseite k\u00f6nnen Nutzungsdaten Ihres Webseitenbesuchs (bspw. Angaben \u00fcber Beginn, Ende und Umfang eines Webseitenbesuchs und Klickpfade) zu Zwecken der Werbung, Marktforschung und bedarfsgerechten Gestaltung dieser Webseiten gesammelt, gespeichert und genutzt werden. Die Daten werden unter einem Pseudonym zu einem Nutzungsprofil gespeichert. Dabei k\u00f6nnen Cookies (d.h. kleine Textdateien, die lokal im Zwischenspeicher des Webbrowsers gespeichert werden) und\/oder eine Besucher-ID, die Daten Ihres beim Besuch der Webseiten benutzten Endger\u00e4ts enthalten, eingesetzt werden. Cookies und Besucher-ID erm\u00f6glichen die Wiedererkennung Ihres Endger\u00e4ts mit einer gewissen Wahrscheinlichkeit. Die gesammelten Daten werden ohne Ihre explizite und gesonderte Einwilligung (bspw. nach der Einwilligung gem. dem Kapitel \u201eEinwilligung in Ma\u00dfnahmen zur Missbrauchsverhinderung und -erkennung\u201c nicht dazu verwendet, sie zu identifizieren oder mit Daten \u00fcber den Tr\u00e4ger des Pseudonyms zusammenzuf\u00fchren. Sie k\u00f6nnen der Datenerhebung, -speicherung und Nutzung zu Zwecken der Werbung, Marktforschung und bedarfsgerechten Gestaltung jederzeit mit Wirkung f\u00fcr die Zukunft widersprechen. Die Nutzungsprofile werden dann trotz einer evtl. abgegebenen Einwilligung gem. dem Kapitel \u201eEinwilligung in Ma\u00dfnahmen zur Missbrauchsverhinderung und \u2013 erkennung\u201c auch nicht mehr zu Zwecken der Missbrauchsverhinderung und -erkennung verwendet.<\/p>\n<p><strong>Einsatz von Webanalyse- und Targetingtools<\/strong><\/p>\n<p><strong>Google Analytics<\/strong><\/p>\n<p>Diese Website benutzt Google Analytics, einen Webanalysedienst der Google Inc. (\u201eGoogle\u201c), USA. Google Analytics verwendet Cookies, die eine Analyse der Benutzung der Website durch Sie erm\u00f6glichen. Die durch das Cookie erzeugten Informationen \u00fcber Ihre Benutzung dieser Website werden an einen Server von Google \u00fcbertragen und dort gespeichert. Auf dieser Website wurde die IP-Anonymisierung aktiviert, so dass die IP-Adresse der Nutzer von Google innerhalb von Mitgliedstaaten der Europ\u00e4ischen Union oder in anderen Vertragsstaaten des Abkommens \u00fcber den Europ\u00e4ischen Wirtschaftsraum zuvor gek\u00fcrzt wird. Nur in Ausnahmef\u00e4llen wird die volle IP-Adresse an einen Server von Google in den USA \u00fcbertragen und dort gek\u00fcrzt. Im Auftrag des Betreibers dieser Website wird Google diese Informationen benutzen, um die Nutzung der Website durch die Nutzer auszuwerten, um Reports \u00fcber die Websiteaktivit\u00e4ten zusammenzustellen und um weitere mit der Websitenutzung und der Internetnutzung verbundene Dienstleistungen gegen\u00fcber dem Websitebetreiber zu erbringen. Die im Rahmen von Google Analytics von Ihrem Browser \u00fcbermittelte IP-Adresse wird nicht mit anderen Daten von Google zusammengef\u00fchrt. Sie k\u00f6nnen die Speicherung der Cookies durch eine entsprechende Einstellung Ihrer Browser-Software verhindern; wir weisen Sie jedoch darauf hin, dass Sie in diesem Fall gegebenenfalls nicht s\u00e4mtliche Funktionen dieser Website vollumf\u00e4nglich werden nutzen k\u00f6nnen. Die Nutzer k\u00f6nnen dar\u00fcber hinaus die Erfassung der durch das Cookie erzeugten und auf ihre Nutzung der Website bezogenen Daten (inkl. Ihrer IP-Adresse) an Google sowie die Verarbeitung dieser Daten durch Google verhindern, indem sie das unter dem folgenden Link verf\u00fcgbare Browser- Plugin herunterladen und installieren. Der aktuelle Link (Stand: Juni 2016) ist: <a href=\"https:\/\/tools.google.com\/dlpage\/gaoptout?hl=de\" target=\"_blank\" rel=\"noopener\">https:\/\/tools.google.com\/dlpage\/gaoptout?hl=de<\/a> Sie k\u00f6nnen die Erfassung durch Google Analytics auch verhindern, indem Sie auf folgenden Link klicken. Es muss das dort angegeben Add-On zum Browser installiert werden, durch das das Tracking verhindert wird: <a href=\"https:\/\/tools.google.com\/dlpage\/gaoptout?hl=de\" target=\"_blank\" rel=\"noopener\">https:\/\/tools.google.com\/dlpage\/gaoptout?hl=de<\/a><\/p>\n<p>Die von uns gesendeten und mit Cookies, Nutzerkennungen (z. B. User-ID) oder Werbe-IDs verkn\u00fcpften Daten werden nach 14 Monaten automatisch gel\u00f6scht. Die L\u00f6schung von Daten, deren Aufbewahrungsdauer erreicht ist, erfolgt automatisch einmal im Monat.<\/p>\n<p><strong>Hotjar <\/strong><\/p>\n<p>Unsere Website benutzt Hotjar, um Informationen \u00fcber das Verhalten unserer Nutzer und \u00fcber ihre Endger\u00e4te zu sammeln (zB IP-Adresse in anonymisierter Form, Ger\u00e4tetyp, Browsertyp, bevorzugte Sprache, etc). Hotjar speichert diese Informationen in einem pseudonymisierten Nutzerprofil. Die Informationen werden nicht zur Identifizierung eines Nutzers verwendet. Du kannst der Speicherung desNutzerprofils und der Informationen \u00fcber deinen Besuch auf unserer Website und dem Setzen von Hotjar Tracking Cookies widersprechen. N\u00e4here Informationen dazu finden Sie unter diesem Link und in der Datenschutzerkl\u00e4rung von Hotjarunter <a href=\"https:\/\/www.hotjar.com\/legal\/policies\/privacy\" target=\"_blank\" rel=\"noopener\">https:\/\/www.hotjar.com\/legal\/policies\/privacy<\/a>.<\/p>\n<h2>VII. Widerruf von Einwilligungen<\/h2>\n<p>Ihre Einwilligung k\u00f6nnen Sie durch schriftliche Mitteilung an Dr. Marco Pr\u00fcmmer GmbH, Belven 110A Briefkasten A, 4730 Raeren, Belgien, widerrufen.<\/p>\n<h2>VIII. Auskunft und Berichtigung<\/h2>\n<p>Sie haben ein Recht auf unentgeltliche Auskunft \u00fcber die zu Ihrer Person gespeicherten Daten und k\u00f6nnen gegebenenfalls deren L\u00f6schung, Berichtigung oder Sperrung verlangen. Die Dr. Marco Pr\u00fcmmer GmbH erreichen Sie schriftlich \u00fcber Belven 110A Briefkasten A, 4730 Raeren, Belgien. Wir stehen Ihnen gerne auch f\u00fcr weitergehende Fragen zum Datenschutz und zur Verarbeitung Ihrer personenbezogenen Daten zur Verf\u00fcgung.<\/p>\n<p>Stand: April 2022<\/p>\n<p><strong>Dr. Marco Pr\u00fcmmer GmbH <\/strong><br \/>\nBelven 110A Briefkasten A<br \/>\nB-4730 Raeren<\/p>\n","protected":false},"excerpt":{"rendered":"<p>Datenschutzhinweis &nbsp; Erhebung, Verarbeitung und Nutzung personenbezogener Daten. Diese Datenschutzerkl\u00e4rung [&hellip;]<\/p>\n","protected":false},"author":1,"featured_media":0,"parent":0,"menu_order":0,"comment_status":"closed","ping_status":"closed","template":"","meta":{"footnotes":""},"class_list":["post-1402","page","type-page","status-publish","hentry"],"_links":{"self":[{"href":"https:\/\/colostrum.de\/en\/wp-json\/wp\/v2\/pages\/1402","targetHints":{"allow":["GET"]}}],"collection":[{"href":"https:\/\/colostrum.de\/en\/wp-json\/wp\/v2\/pages"}],"about":[{"href":"https:\/\/colostrum.de\/en\/wp-json\/wp\/v2\/types\/page"}],"author":[{"embeddable":true,"href":"https:\/\/colostrum.de\/en\/wp-json\/wp\/v2\/users\/1"}],"replies":[{"embeddable":true,"href":"https:\/\/colostrum.de\/en\/wp-json\/wp\/v2\/comments?post=1402"}],"version-history":[{"count":0,"href":"https:\/\/colostrum.de\/en\/wp-json\/wp\/v2\/pages\/1402\/revisions"}],"wp:attachment":[{"href":"https:\/\/colostrum.de\/en\/wp-json\/wp\/v2\/media?parent=1402"}],"curies":[{"name":"wp","href":"https:\/\/api.w.org\/{rel}","templated":true}]}}